{"id":3540,"date":"2023-08-23T09:34:05","date_gmt":"2023-08-23T09:34:05","guid":{"rendered":"https:\/\/javatraining.ciit-software.com\/?page_id=3540"},"modified":"2025-11-05T16:37:38","modified_gmt":"2025-11-05T16:37:38","slug":"unsere-kunden","status":"publish","type":"page","link":"https:\/\/ciit-training.com\/en\/unsere-kunden\/","title":{"rendered":"Our customers"},"content":{"rendered":"<div data-elementor-type=\"wp-page\" data-elementor-id=\"3540\" class=\"elementor elementor-3540\" data-elementor-post-type=\"page\">\n\t\t\t\t<div class=\"elementor-element elementor-element-7bf7d25 e-con-full e-flex e-con e-parent\" data-id=\"7bf7d25\" data-element_type=\"container\" data-e-type=\"container\">\n\t\t\t\t<div class=\"elementor-element elementor-element-be01919 exad-sticky-section-no exad-glass-effect-no elementor-widget elementor-widget-heading\" data-id=\"be01919\" data-element_type=\"widget\" data-e-type=\"widget\" data-widget_type=\"heading.default\">\n\t\t\t\t<div class=\"elementor-widget-container\">\n\t\t\t\t\t<h2 class=\"elementor-heading-title elementor-size-default\">Our<\/h2>\t\t\t\t<\/div>\n\t\t\t\t<\/div>\n\t\t<div class=\"elementor-element elementor-element-645cc01 e-con-full e-flex e-con e-child\" data-id=\"645cc01\" data-element_type=\"container\" data-e-type=\"container\">\n\t\t\t\t<div class=\"elementor-element elementor-element-a33e928 elementor-view-default exad-sticky-section-no exad-glass-effect-no elementor-widget elementor-widget-icon\" data-id=\"a33e928\" data-element_type=\"widget\" data-e-type=\"widget\" data-widget_type=\"icon.default\">\n\t\t\t\t<div class=\"elementor-widget-container\">\n\t\t\t\t\t\t\t<div class=\"elementor-icon-wrapper\">\n\t\t\t<div class=\"elementor-icon\">\n\t\t\t<svg xmlns=\"http:\/\/www.w3.org\/2000\/svg\" width=\"9\" height=\"40\" viewbox=\"0 0 9 40\"><rect id=\"Rechteck_88\" data-name=\"Rechteck 88\" width=\"9\" height=\"40\" fill=\"#306BAC\"><\/rect><\/svg>\t\t\t<\/div>\n\t\t<\/div>\n\t\t\t\t\t\t<\/div>\n\t\t\t\t<\/div>\n\t\t\t\t<div class=\"elementor-element elementor-element-000056c exad-sticky-section-no exad-glass-effect-no elementor-widget elementor-widget-heading\" data-id=\"000056c\" data-element_type=\"widget\" data-e-type=\"widget\" data-widget_type=\"heading.default\">\n\t\t\t\t<div class=\"elementor-widget-container\">\n\t\t\t\t\t<h2 class=\"elementor-heading-title elementor-size-default\">Customers<\/h2>\t\t\t\t<\/div>\n\t\t\t\t<\/div>\n\t\t\t\t<\/div>\n\t\t\t\t<div class=\"elementor-element elementor-element-0340370 exad-sticky-section-no exad-glass-effect-no elementor-widget elementor-widget-text-editor\" data-id=\"0340370\" data-element_type=\"widget\" data-e-type=\"widget\" data-widget_type=\"text-editor.default\">\n\t\t\t\t<div class=\"elementor-widget-container\">\n\t\t\t\t\t\t\t\t\t<p style=\"text-align: center;\"><em>Thank you for your trust!<\/em><\/p>\t\t\t\t\t\t\t\t<\/div>\n\t\t\t\t<\/div>\n\t\t\t\t<div class=\"elementor-element elementor-element-0ebb051 exad-sticky-section-no exad-glass-effect-no elementor-widget elementor-widget-text-editor\" data-id=\"0ebb051\" data-element_type=\"widget\" data-e-type=\"widget\" data-widget_type=\"text-editor.default\">\n\t\t\t\t<div class=\"elementor-widget-container\">\n\t\t\t\t\t\t\t\t\t<p>3KL EDV Consulting GmbH \u25cf A1 Telekom Austria AG \u25cf Accenture GmbH \u25cf ADV-LR\u00dc BetrStb (General Data Processing Operations Staff of Airspace Surveillance Austrian Armed Forces) \u25cf Agfa HealthCare NV \u25cf AGO \u2013 Academic Guest Service Austria \u25cf AIT \u2013 Austrian Institute of Technology GmbH \u25cf Agfa HealthCare GmbH \u25cf Allianz Technology GmbH \u25cf Alpen-Adria-University Klagenfurt \u25cf AMOS Austria GmbH \u25cf Office of the Upper Austrian Provincial Government \u25cf Office of the Styrian Provincial Government \u25cf Public Employment Service BetriebsgmbH &amp; Co KG \u25cf Asfinag Toll Service GmbH \u25cf AS-SYSTEME Management Consulting GmbH \u25cf Auer Signal GmbH \u25cf Austrian Reporting GmbH \u25cf Austro Control GmbH \u25cf Austrian Power Grid AG \u25cf Austrian Research Centers GmbH \u25cf Automic Holding GmbH \u25cf Automic Software GmbH \u25cf Bartelt GmbH \u25cf Bat groupware GmbH \u25cf Basler Versicherungs-AG \u25cf Bauarbeiter Urlaubs- und Abfertigungskasse (BUAK) \u25cf Bawag PSK Bank f\u00fcr Arbeit und Wirtschaft und \u00d6sterreichische Postsparkasse Aktiengesellschaft \u25cf BBRZ \u2013 Berufliches Bildungs- und Rehabilitationszentrum \u25cf Beilstein-Institut \u25cf BEKO Engineering &amp; Informatik GmbH \u25cf bia \u2013 Beratung f\u00fcr IT-Anwender \u25cf bit- Schulungscenter \u25cf BMLV- Bundesministerium f\u00fcr Landesverteidigung \u25cf BMTS Technology Austria GmbH &amp; Co. KG. \u25cf BMW AG \u25cf BMW Motoren GmbH \u25cf bol Beh\u00f6rden Online Systemhaus GmbH \u25cf Brunel Austria GmbH \u25cf BUAK \u25cf Federal Office for Social Security \u25cf Federal Office for Migration and Refugees (BAMF) \u25cf Federal Bureau for Corruption Prevention and Combating Corruption \u25cf Statistics Austria \u25cf Federal Ministry of Education, Science and Research \u25cf Federal Ministry of the Interior \u25cf Federal Ministry of Labour and Economic Affairs \u25cf Federal Ministry of Defence and Sport \u25cf Federal Computing Centre GmbH \u25cf Federal Republic of Germany Finance Agency GmbH \u25cf Federal Office of Administration \u25cf Canon Europa NV \u25cf Casinos Austria AG \u2013 Austrian Lotteries GmbH \u25cf Cegos Integrata GmbH \u25cf cellent GmbH Austria \u25cf CGM Deutschland AG \u25cf consapption GmbH \u25cf CSC Computer Sciences Consulting Austria GmbH \u25cf Compass Database GmbH \u25cf Compax Software Development GmbH \u25cf ComTrade GmbH \u25cf Conduent Business Process Solutions SAS \u25cf CONET ISB GmbH \u25cf consapption GmbH \u25cf Crif GmbH \u25cf Cyberpublishing E-Verlag GmbH \u25cf Commend International GmbH \u25cf D. Swarovski KG \u25cf DB Masters GmbH \u25cf Deutsche Bundesbank \u25cf Deutsche Kreditbank AG \u25cf Dimoco \u2013 Direct Mobile Communications GmbH \u25cf Dr. E. Hackhofer GmbH \u25cf D\u00fcrr Systems AG \u25cf ECON Application GmbH \u25cf EBCONT enterprise technologies \u25cf Federal Department of Economic Affairs, Education and Research EDP \u25cf Eisenwerk Sulzau-Werfen R.&amp;E. Weinberger AG \u25cf EIZO GmbH \u25cf ELO Digital Office GmbH \u25cf EnCon \u2013 Software Engineering and Consulting \u25cf Energy Control Austria for the Regulation of the Electricity and Natural Gas Industry (E-Control) \u25cf ENGEL AUSTRIA GmbH \u25cf ERGO Insurance AG \u25cf ESL Advanced Information Technology GmbH \u25cf Essity Austria GmbH \u25cf ETC \u2013 Enterprise Training Center \u25cf ETM professional control GmbH \u25cf eurofunk KAPPACHER GmbH \u25cf European IT Consultancy EITCO GmbH \u25cf ExperTeach Gesellschaft f\u00fcr Netzwerkkompetenz mbh \u25cf EXXETA AG \u25cf FatFoogoo GmbH \u2013 Digital River Online Games \u25cf FB Consulting &amp; Trade GmbH \u25cf FERCHAU Austria GmbH \u25cf Financial Market Authority (FMA) \u25cf Finanz-DATA GmbH, Consulting and Software House \u25cf Fronius International GmbH \u25cf Vienna Airport AG \u25cf F\u00f6rde Campus GmbH \u25cf Frequentis AG \u25cf FRITZ EGGER GmbH &amp; Co. OG \u25cf Gepardec IT Services GmbH \u25cf GESIBA AG \u25cf GESIS Leibniz Institute for the Social Sciences \u25cf GRABNER INSTRUMENTS Messtechnik GmbH \u25cf Grawe IT GmbH \u25cf Grazer Wechselseitige Versicherung AG \u25cf GTS Grund Transportation Systems Austria GmbH \u25cf HDP Gesellschaft f\u00fcr ganzheitliche Datenverarbeitung mbH \u25cf Hebinet eU \u25cf Helmholtz Zentrum M\u00fcnchen \u2013 Deutsches Forschungszentrum f\u00fcr Gesundheit und Umwelt \u25cf Herold Business Data GmbH \u25cf Hirschmann Automation and Control GmbH \u25cf Hutchison 3G \u25cf IFCO SYSTEMS Austria GmbH \u25cf ING-DiBa Direktbank Austria \u25cf Infoniqa HR Solutions GmbH \u25cf InfraSoft Datenservice Ges.mbH \u25cf Intershop Communications AG \u25cf Investitionsbank Sachsen-Anhalt \u25cf Inxmail GmbH \u25cf ITH icoserve technology for healthcare GmbH \u25cf IT-Experts-IT-Dienstleistungs GmbH \u25cf IT-Mann GmbH \u25cf IT Services der Sozialversicherung GmbH \u25cf Ivoclar Vivadent GmbH \u25cf jambit GmbH \u25cf Johannes Kepler University \u25cf JUST Implacement Foundation \u25cf Kapsch Partner Solutions GmbH \u25cf Association of Statutory Health Insurance Physicians of Saxony \u25cf KSV1870 Information GmbH \u25cf State of Upper Austria \u25cf State of Upper Austria \u25cf Agricultural, Forestry and Water Management Computing Center GmbH \u25cf State of Salzburg, State IT Department \u25cf Linz AG \u25cf Linutronix \u25cf Logica Deutschland GmbH &amp; Co. KG \u25cf Payroll &amp; HR GmbH \u25cf City of Vienna \u2013 Department 14 \u25cf Magna Steyr AG &amp; Co KG \u25cf Managementservice Linz GmbH \/ Linz AG \u25cf Manz Solutions GmbH \u25cf Matrixware Information Service GmbH \u25cf Mawoh GmbH \u25cf MBI Institute for Marketing Consulting AG \u25cf MCI Management Center Innsbruck \u2013 International University GmbH \u25cf MediaShop GmbH \u25cf Mediaprint Newspaper and Magazine Publishing GmbH &amp; Co KG \u25cf MediData AG \u25cf Merkur Insurance AG \u25cf Metamagix Software &amp; Consulting GmbH \u25cf MIDTEC Data Systems GmbH \u25cf MINOVA Information Services GmbH \u25cf Motrada Trading GmbH \u25cf Mobilkom Austria AG \u25cf Netdoktor.at GmbH \u25cf Newrest-Wagons-Lits Austria GmbH \u25cf Lower Austria Regional Health Insurance Fund \u25cf Lower Austrian Insurance AG \u25cf Nokia Siemens \u25cf Novartis Institutes for BioMedical Research GmbH &amp; Co KG \u25cf Novotech Banking Systems GmbH \u25cf Novotech Electronics GmbH \u25cf \u00d6BB Business Competence Center GmbH \u25cf \u00d6BB ICT GmbH \u25cf \u00d6BB ICT GmbH \u25cf \u00d6BB Passenger Transport AG \u25cf OMV Solutions GmbH \u25cf Oracle Austria GmbH \u25cf Organization of the Petroleum Exporting Countries (OPEC) \u25cf Upper Austrian Health and Hospital AG \u25cf Austrian Agency for Health and Food Safety GmbH \u25cf Austrian Health Insurance Fund \u25cf Austrian Control Bank AG \u25cf Austrian Lotteries Ltd. \u25cf Austrian National Bank \u25cf Austrian Sports Betting Company Ltd. \u25cf Austrian Armed Forces \u25cf Upper Austria Health and Hospital Corporation (gespag) \u25cf Ott Hydromet GmbH \u25cf OVSoftware GmbH \u25cf paysafecard.com Wertkarten AG \u25cf PCS Professional Clinical Software GmbH \u25cf Pension Insurance Institution \u25cf Perform Media Services Ltd Sussex House \u25cf Pioneer Investments Austria GmbH \u25cf PMG Projektraum Management GmbH \u25cf Postbank Academy and Service GmbH \u25cf Private ptm- Akademie GmbH \u25cf PROGRAMMIERFABRIK GmbH \u25cf QA Ltd. \u25cf Quartier G\u00e9n\u00e9ral du Corps Europ\u00e9en \u25cf Racon Software GmbH \u25cf Raiffeisen Zentralbank \u00d6sterreich AG \u25cf Raiffeisen Informatik-Zentrum \u25cf Raiffeisen Kapitalanlage-Gesellschaft mbH \u25cf Raiffeisen Informatik Consulting GmbH \u25cf Raiffeisen Bank International AG \u25cf Raiffeisen Software Solution und Service GmbH \u25cf RBI Group IT GmbH \u25cf Robert Bosch AG \u25cf Research Industrial Systems Engineering GmbH (RISE) \u25cf Red Bull GmbH \u25cf Ricoh Austria GmbH \u25cf Robert Bosch SRL \u25cf RWA Raiffeisen Ware Austria \u25cf s2G.at GmbH \u25cf Sage Enterprise Market Europe \u25cf Salomon Automation GmbH \u25cf Salzburg AG \u25cf Salzburger Banken Software GmbH (SBS) \u25cf Santander Consumer Bank GmbH \u25cf Sappi Austria Produktions GmbH &amp; Co KG \u25cf Scheidt &amp; Bachmann System Technik GmbH \u25cf Schuh Karosseriebau GmbH \u25cf Schulungszentrum Fohnsdorf \u25cf Scientific Games International GmbH \u25cf Semigator GmbH Corporate Service \u25cf SHARK GmbH, Business Consulting &amp; IT Solutions \u25cf SIGMATEK GmbH &amp; Co KG \u25cf Significant Bit Software AG \u25cf Sitasys AG \u25cf Sixt SE \u25cf SOFTCOM Consulting GmbH \u25cf Sony DADC Austria AG \u25cf Soroban IT-Beratung GmbH \u25cf Social Insurance Institution for the Self-Employed \u25cf Social Insurance Chip Card Operating and Construction Company MbH (SVC) \u25cf Sparkasse Pfaffenhofen \u25cf Sprecher Automation GmbH \u25cf SSI Sch\u00e4fer IT Solutions GmbH \u25cf City of Vienna \u2013 Wiener Wohnen Customer Service GmbH \u25cf Federal Statistical Office \u25cf Foundation for University Admissions (SfH) \u25cf Styrian Hospital Association mbH \u25cf Steria Mummert Consulting AG \u25cf SV Chipkarten Betriebs- und Errichtungs Ges.mbH \u25cf Swisscom AG \u25cf SWM Services GmbH \u25cf Takeda Manufacturing Austria AG \u25cf Technia GmbH \u25cf Wildau University of Applied Sciences \u25cf Graz University of Technology \u25cf Vienna University of Technology \u25cf TechTalk Software Support GmbH \u25cf Tele2 Telecommunication GmbH \u25cf Telekom Austria Personalmanagement GmbH \u25cf the update training GmbH \u25cf Tieto\/Tietoevry Austria GmbH \u25cf Thales Rail Signalling Solutions GesmbH \u25cf T-Mobile Austria GmbH \u25cf T-Systems Austria \u25cf T-Systems Austria \u25cf TOGETHER CCA GmbH \u25cf Unic GmbH \u25cf UniCredit Business Integrated Solutions Austria GmbH \u25cf UNIQA IT Services GmbH \u25cf UNIQA Raiffeisen Software Service Kft. \u25cf Unisys \u00d6sterreich GmbH \u25cf UnitCargo Speditions GesmbH \u25cf United Nations Office at Vienna \u25cf University of Paderborn \u25cf University of Zurich \u25cf Valida Holding AG \u25cf Vector Software &amp; Datenverarbeitung GmbH \u25cf Verbund Management Service GmbH \u25cf Insurance Institution for Public Employees \u25cf Vision11 GmbH \u25cf Volkshilfe Nieder\u00f6sterreich Service Mensch GmbH \u25cf Voestalpine Stahl GmbH \u25cf Volkswagen Group IT Solutions GmbH \u25cf WAFF Arbeitsstiftung RIW 2007 \u25cf Wien IT EDV Dienstleistungsgesellschaft mbH &amp; co KG \u25cf willhaben internet service GmbH &amp; Co KG \u25cf X-Tention IT GmbH \u25cf Xatronic Software GmbH \u25cf Xion IT-Systems GmbH \u25cf ZF Friedrichshafen AG \u25cf Zurich Insurance Company Ltd. \u25cf<\/p>\t\t\t\t\t\t\t\t<\/div>\n\t\t\t\t<\/div>\n\t\t\t\t<\/div>\n\t\t\t\t<\/div>","protected":false},"excerpt":{"rendered":"<p>Unsere Kunden Vielen Dank f\u00fcr Ihr Vertrauen! 3KL EDV Consulting GMBH \u25cf A1 Telekom Austria AG \u25cf Accenture GmbH \u25cf ADV-LR\u00dc BetrStb (Allgemeine Datenverarbeitung Betriebsstab der Luftraum\u00fcberwachung \u00d6sterreichisches Bundesheer) \u25cf Agfa HealthCare NV \u25cf AGO \u2013 Akademischer G\u00e4stedienst \u00d6sterreich \u25cf AIT \u2013 Austrian Institute of Technology GmbH \u25cf Agfa HealthCare GmbH \u25cf Allianz Technology GmbH [&hellip;]<\/p>\n","protected":false},"author":2,"featured_media":0,"parent":0,"menu_order":0,"comment_status":"closed","ping_status":"closed","template":"","meta":{"inline_featured_image":false,"footnotes":""},"class_list":["post-3540","page","type-page","status-publish","hentry"],"yoast_head":"<!-- This site is optimized with the Yoast SEO plugin v27.5 - https:\/\/yoast.com\/product\/yoast-seo-wordpress\/ -->\n<title>Unsere Kunden - CIIT Training<\/title>\n<meta name=\"description\" content=\"Wir danken unseren Kunden f\u00fcr das Vertrauen: Austro Control GmbH, ERGO Versicherung AG, Flughafen Wien, ...\" \/>\n<meta name=\"robots\" content=\"index, follow, max-snippet:-1, max-image-preview:large, max-video-preview:-1\" \/>\n<link rel=\"canonical\" href=\"https:\/\/ciit-training.com\/en\/unsere-kunden\/\" \/>\n<meta property=\"og:locale\" content=\"en_US\" \/>\n<meta property=\"og:type\" content=\"article\" \/>\n<meta property=\"og:title\" content=\"Unsere Kunden - CIIT Training\" \/>\n<meta property=\"og:description\" content=\"Wir danken unseren Kunden f\u00fcr das Vertrauen: Austro Control GmbH, ERGO Versicherung AG, Flughafen Wien, ...\" \/>\n<meta property=\"og:url\" content=\"https:\/\/ciit-training.com\/en\/unsere-kunden\/\" \/>\n<meta property=\"og:site_name\" content=\"CIIT Training\" \/>\n<meta property=\"article:publisher\" content=\"https:\/\/www.facebook.com\/javatraining.at\" \/>\n<meta property=\"article:modified_time\" content=\"2025-11-05T16:37:38+00:00\" \/>\n<meta property=\"og:image\" content=\"https:\/\/ciit-training.com\/wp-content\/uploads\/sites\/2\/2023\/11\/CIIT_Logo_BrightBackground_Blau_ohne_at.png\" \/>\n\t<meta property=\"og:image:width\" content=\"512\" \/>\n\t<meta property=\"og:image:height\" content=\"512\" \/>\n\t<meta property=\"og:image:type\" content=\"image\/png\" \/>\n<meta name=\"twitter:card\" content=\"summary_large_image\" \/>\n<meta name=\"twitter:site\" content=\"@JavaTrainingAT\" \/>\n<meta name=\"twitter:label1\" content=\"Est. reading time\" \/>\n\t<meta name=\"twitter:data1\" content=\"8 minutes\" \/>\n<script type=\"application\/ld+json\" class=\"yoast-schema-graph\">{\"@context\":\"https:\\\/\\\/schema.org\",\"@graph\":[{\"@type\":\"TechArticle\",\"@id\":\"https:\\\/\\\/ciit-training.com\\\/unsere-kunden\\\/#article\",\"isPartOf\":{\"@id\":\"https:\\\/\\\/ciit-training.com\\\/unsere-kunden\\\/\"},\"author\":{\"name\":\"\",\"@id\":\"\"},\"headline\":\"Unsere Kunden\",\"datePublished\":\"2023-08-23T09:34:05+00:00\",\"dateModified\":\"2025-11-05T16:37:38+00:00\",\"mainEntityOfPage\":{\"@id\":\"https:\\\/\\\/ciit-training.com\\\/unsere-kunden\\\/\"},\"wordCount\":1135,\"publisher\":{\"@id\":\"https:\\\/\\\/ciit-training.com\\\/#organization\"},\"inLanguage\":\"en-US\"},{\"@type\":[\"WebPage\",\"CollectionPage\"],\"@id\":\"https:\\\/\\\/ciit-training.com\\\/unsere-kunden\\\/\",\"url\":\"https:\\\/\\\/ciit-training.com\\\/unsere-kunden\\\/\",\"name\":\"Unsere Kunden - CIIT Training\",\"isPartOf\":{\"@id\":\"https:\\\/\\\/ciit-training.com\\\/#website\"},\"datePublished\":\"2023-08-23T09:34:05+00:00\",\"dateModified\":\"2025-11-05T16:37:38+00:00\",\"description\":\"Wir danken unseren Kunden f\u00fcr das Vertrauen: Austro Control GmbH, ERGO Versicherung AG, Flughafen Wien, ...\",\"breadcrumb\":{\"@id\":\"https:\\\/\\\/ciit-training.com\\\/unsere-kunden\\\/#breadcrumb\"},\"inLanguage\":\"en-US\"},{\"@type\":\"BreadcrumbList\",\"@id\":\"https:\\\/\\\/ciit-training.com\\\/unsere-kunden\\\/#breadcrumb\",\"itemListElement\":[{\"@type\":\"ListItem\",\"position\":1,\"name\":\"Home\",\"item\":\"https:\\\/\\\/ciit-training.com\\\/\"},{\"@type\":\"ListItem\",\"position\":2,\"name\":\"Unsere Kunden\"}]},{\"@type\":\"WebSite\",\"@id\":\"https:\\\/\\\/ciit-training.com\\\/#website\",\"url\":\"https:\\\/\\\/ciit-training.com\\\/\",\"name\":\"CIIT Training\",\"description\":\"Javatraing\",\"publisher\":{\"@id\":\"https:\\\/\\\/ciit-training.com\\\/#organization\"},\"alternateName\":\"Javatraining\",\"potentialAction\":[{\"@type\":\"SearchAction\",\"target\":{\"@type\":\"EntryPoint\",\"urlTemplate\":\"https:\\\/\\\/ciit-training.com\\\/?s={search_term_string}\"},\"query-input\":{\"@type\":\"PropertyValueSpecification\",\"valueRequired\":true,\"valueName\":\"search_term_string\"}}],\"inLanguage\":\"en-US\"},{\"@type\":\"Organization\",\"@id\":\"https:\\\/\\\/ciit-training.com\\\/#organization\",\"name\":\"CIIT GmbH\",\"alternateName\":\"Schaffler & Gl\u00f6\u00dfl GmbH\",\"url\":\"https:\\\/\\\/ciit-training.com\\\/\",\"logo\":{\"@type\":\"ImageObject\",\"inLanguage\":\"en-US\",\"@id\":\"https:\\\/\\\/ciit-training.com\\\/#\\\/schema\\\/logo\\\/image\\\/\",\"url\":\"https:\\\/\\\/ciit-training.com\\\/wp-content\\\/uploads\\\/sites\\\/2\\\/2023\\\/11\\\/CIIT_Logo_BrightBackground_Blau_ohne_at.png\",\"contentUrl\":\"https:\\\/\\\/ciit-training.com\\\/wp-content\\\/uploads\\\/sites\\\/2\\\/2023\\\/11\\\/CIIT_Logo_BrightBackground_Blau_ohne_at.png\",\"width\":512,\"height\":512,\"caption\":\"CIIT GmbH\"},\"image\":{\"@id\":\"https:\\\/\\\/ciit-training.com\\\/#\\\/schema\\\/logo\\\/image\\\/\"},\"sameAs\":[\"https:\\\/\\\/www.facebook.com\\\/javatraining.at\",\"https:\\\/\\\/x.com\\\/JavaTrainingAT\",\"https:\\\/\\\/www.linkedin.com\\\/showcase\\\/javatraining.at\\\/\"]},{\"@type\":\"Person\",\"@id\":\"\",\"url\":\"https:\\\/\\\/ciit-training.com\\\/en\\\/author\\\/\"}]}<\/script>\n<!-- \/ Yoast SEO plugin. -->","yoast_head_json":{"title":"Our clients - CIIT Training","description":"We thank our customers for their trust: Austro Control GmbH, ERGO Versicherung AG, Vienna Airport, ...","robots":{"index":"index","follow":"follow","max-snippet":"max-snippet:-1","max-image-preview":"max-image-preview:large","max-video-preview":"max-video-preview:-1"},"canonical":"https:\/\/ciit-training.com\/en\/unsere-kunden\/","og_locale":"en_US","og_type":"article","og_title":"Unsere Kunden - CIIT Training","og_description":"Wir danken unseren Kunden f\u00fcr das Vertrauen: Austro Control GmbH, ERGO Versicherung AG, Flughafen Wien, ...","og_url":"https:\/\/ciit-training.com\/en\/unsere-kunden\/","og_site_name":"CIIT Training","article_publisher":"https:\/\/www.facebook.com\/javatraining.at","article_modified_time":"2025-11-05T16:37:38+00:00","og_image":[{"width":512,"height":512,"url":"https:\/\/ciit-training.com\/wp-content\/uploads\/sites\/2\/2023\/11\/CIIT_Logo_BrightBackground_Blau_ohne_at.png","type":"image\/png"}],"twitter_card":"summary_large_image","twitter_site":"@JavaTrainingAT","twitter_misc":{"Est. reading time":"8 minutes"},"schema":{"@context":"https:\/\/schema.org","@graph":[{"@type":"TechArticle","@id":"https:\/\/ciit-training.com\/unsere-kunden\/#article","isPartOf":{"@id":"https:\/\/ciit-training.com\/unsere-kunden\/"},"author":{"name":"","@id":""},"headline":"Unsere Kunden","datePublished":"2023-08-23T09:34:05+00:00","dateModified":"2025-11-05T16:37:38+00:00","mainEntityOfPage":{"@id":"https:\/\/ciit-training.com\/unsere-kunden\/"},"wordCount":1135,"publisher":{"@id":"https:\/\/ciit-training.com\/#organization"},"inLanguage":"en-US"},{"@type":["WebPage","CollectionPage"],"@id":"https:\/\/ciit-training.com\/unsere-kunden\/","url":"https:\/\/ciit-training.com\/unsere-kunden\/","name":"Our clients - CIIT Training","isPartOf":{"@id":"https:\/\/ciit-training.com\/#website"},"datePublished":"2023-08-23T09:34:05+00:00","dateModified":"2025-11-05T16:37:38+00:00","description":"We thank our customers for their trust: Austro Control GmbH, ERGO Versicherung AG, Vienna Airport, ...","breadcrumb":{"@id":"https:\/\/ciit-training.com\/unsere-kunden\/#breadcrumb"},"inLanguage":"en-US"},{"@type":"BreadcrumbList","@id":"https:\/\/ciit-training.com\/unsere-kunden\/#breadcrumb","itemListElement":[{"@type":"ListItem","position":1,"name":"Home","item":"https:\/\/ciit-training.com\/"},{"@type":"ListItem","position":2,"name":"Unsere Kunden"}]},{"@type":"WebSite","@id":"https:\/\/ciit-training.com\/#website","url":"https:\/\/ciit-training.com\/","name":"CIIT Training","description":"Java training","publisher":{"@id":"https:\/\/ciit-training.com\/#organization"},"alternateName":"Javatraining","potentialAction":[{"@type":"SearchAction","target":{"@type":"EntryPoint","urlTemplate":"https:\/\/ciit-training.com\/?s={search_term_string}"},"query-input":{"@type":"PropertyValueSpecification","valueRequired":true,"valueName":"search_term_string"}}],"inLanguage":"en-US"},{"@type":"Organization","@id":"https:\/\/ciit-training.com\/#organization","name":"CIIT GmbH","alternateName":"Schaffler & Gl\u00f6\u00dfl GmbH","url":"https:\/\/ciit-training.com\/","logo":{"@type":"ImageObject","inLanguage":"en-US","@id":"https:\/\/ciit-training.com\/#\/schema\/logo\/image\/","url":"https:\/\/ciit-training.com\/wp-content\/uploads\/sites\/2\/2023\/11\/CIIT_Logo_BrightBackground_Blau_ohne_at.png","contentUrl":"https:\/\/ciit-training.com\/wp-content\/uploads\/sites\/2\/2023\/11\/CIIT_Logo_BrightBackground_Blau_ohne_at.png","width":512,"height":512,"caption":"CIIT GmbH"},"image":{"@id":"https:\/\/ciit-training.com\/#\/schema\/logo\/image\/"},"sameAs":["https:\/\/www.facebook.com\/javatraining.at","https:\/\/x.com\/JavaTrainingAT","https:\/\/www.linkedin.com\/showcase\/javatraining.at\/"]},{"@type":"Person","@id":"","url":"https:\/\/ciit-training.com\/en\/author\/"}]}},"_links":{"self":[{"href":"https:\/\/ciit-training.com\/en\/wp-json\/wp\/v2\/pages\/3540","targetHints":{"allow":["GET"]}}],"collection":[{"href":"https:\/\/ciit-training.com\/en\/wp-json\/wp\/v2\/pages"}],"about":[{"href":"https:\/\/ciit-training.com\/en\/wp-json\/wp\/v2\/types\/page"}],"author":[{"embeddable":true,"href":"https:\/\/ciit-training.com\/en\/wp-json\/wp\/v2\/users\/2"}],"replies":[{"embeddable":true,"href":"https:\/\/ciit-training.com\/en\/wp-json\/wp\/v2\/comments?post=3540"}],"version-history":[{"count":0,"href":"https:\/\/ciit-training.com\/en\/wp-json\/wp\/v2\/pages\/3540\/revisions"}],"wp:attachment":[{"href":"https:\/\/ciit-training.com\/en\/wp-json\/wp\/v2\/media?parent=3540"}],"curies":[{"name":"wp","href":"https:\/\/api.w.org\/{rel}","templated":true}]}}